{"id":67,"date":"2025-01-17T14:51:00","date_gmt":"2025-01-17T14:51:00","guid":{"rendered":"https:\/\/appell.nu\/50-2\/?page_id=67"},"modified":"2025-01-17T18:07:13","modified_gmt":"2025-01-17T18:07:13","slug":"regler","status":"publish","type":"page","link":"https:\/\/appell.nu\/50-2\/regler\/","title":{"rendered":"Ordningsegler"},"content":{"rendered":"\n<div class=\"wp-block-group alignfull has-background-background-color has-background\" style=\"border-top-width:1px;padding-top:var(--wp--preset--spacing--60);padding-right:0;padding-bottom:var(--wp--preset--spacing--60);padding-left:0\"><div class=\"wp-block-group__inner-container is-layout-constrained wp-container-core-group-is-layout-8169ab4f wp-block-group-is-layout-constrained\">\n<h2 class=\"wp-block-heading has-text-align-center\"><strong>Ordningsregler<\/strong>&nbsp;<\/h2>\n\n\n\n<ul class=\"wp-block-list\">\n<li>Skaka av mattor\u00a0<\/li>\n<\/ul>\n\n\n\n<ul class=\"wp-block-list\">\n<li>Dammsug\u00a0<\/li>\n<\/ul>\n\n\n\n<ul class=\"wp-block-list\">\n<li>Vid behov v\u00e5ttorkas golv\u00a0<\/li>\n<\/ul>\n\n\n\n<ul class=\"wp-block-list\">\n<li>Torka av bord och b\u00e4nkar\u00a0<\/li>\n<\/ul>\n\n\n\n<ul class=\"wp-block-list\">\n<li>St\u00e4ll tillbaka allt p\u00e5 sin plats\u00a0<\/li>\n<\/ul>\n\n\n\n<ul class=\"wp-block-list\">\n<li>Vik ihop t\u00e4cken och filtar\u00a0<\/li>\n<\/ul>\n\n\n\n<ul class=\"wp-block-list\">\n<li>T\u00f6m latrinbutten\u00a0<\/li>\n<\/ul>\n\n\n\n<ul class=\"wp-block-list\">\n<li>T\u00f6m aska fr\u00e5n \u00f6ppnaspisen och pannan om ni eldat\u00a0<\/li>\n<\/ul>\n\n\n\n<ul class=\"wp-block-list\">\n<li>T\u00f6m kylsk\u00e5p och skafferi p\u00e5 mat som kan bli gammalt\u00a0<\/li>\n<\/ul>\n\n\n\n<ul class=\"wp-block-list\">\n<li>Torka ur kylsk\u00e5p\u00a0<\/li>\n<\/ul>\n\n\n\n<ul class=\"wp-block-list\">\n<li>B\u00e4r in ved om ni eldat\u00a0<\/li>\n<\/ul>\n\n\n\n<ul class=\"wp-block-list\">\n<li>Sl\u00e5 av varmvatten (dra ur kontakt i pumphuset)\u00a0<\/li>\n<\/ul>\n\n\n\n<ul class=\"wp-block-list\">\n<li>S\u00e4nk v\u00e4rmen enligt instruktion\u00a0<\/li>\n<\/ul>\n\n\n\n<ul class=\"wp-block-list\">\n<li>Ta med sopor, burkar och tomglas\u00a0<br><\/li>\n\n\n\n<li>Ta en sista titt ute s\u00e5 att allt \u00e4r p\u00e5 sin plats och att d\u00f6rrar \u00e4r st\u00e4ngda och l\u00e5sta.\u00a0<\/li>\n<\/ul>\n\n\n\n<p class=\"has-text-align-center has-small-font-size\" style=\"margin-top:8px\"><\/p>\n<\/div><\/div>\n","protected":false},"excerpt":{"rendered":"<p>Ordningsregler&nbsp; [&hellip;]<\/p>\n","protected":false},"author":1,"featured_media":0,"parent":0,"menu_order":0,"comment_status":"closed","ping_status":"closed","template":"","meta":{"footnotes":""},"class_list":["post-67","page","type-page","status-publish","hentry"],"_links":{"self":[{"href":"https:\/\/appell.nu\/50-2\/wp-json\/wp\/v2\/pages\/67","targetHints":{"allow":["GET"]}}],"collection":[{"href":"https:\/\/appell.nu\/50-2\/wp-json\/wp\/v2\/pages"}],"about":[{"href":"https:\/\/appell.nu\/50-2\/wp-json\/wp\/v2\/types\/page"}],"author":[{"embeddable":true,"href":"https:\/\/appell.nu\/50-2\/wp-json\/wp\/v2\/users\/1"}],"replies":[{"embeddable":true,"href":"https:\/\/appell.nu\/50-2\/wp-json\/wp\/v2\/comments?post=67"}],"version-history":[{"count":4,"href":"https:\/\/appell.nu\/50-2\/wp-json\/wp\/v2\/pages\/67\/revisions"}],"predecessor-version":[{"id":89,"href":"https:\/\/appell.nu\/50-2\/wp-json\/wp\/v2\/pages\/67\/revisions\/89"}],"wp:attachment":[{"href":"https:\/\/appell.nu\/50-2\/wp-json\/wp\/v2\/media?parent=67"}],"curies":[{"name":"wp","href":"https:\/\/api.w.org\/{rel}","templated":true}]}}